{"id":96,"date":"2025-06-13T12:19:08","date_gmt":"2025-06-13T12:19:08","guid":{"rendered":"https:\/\/victor-nistor.apps.math.cnrs.fr\/?page_id=96"},"modified":"2025-06-15T14:51:58","modified_gmt":"2025-06-15T14:51:58","slug":"quantum-mechanics","status":"publish","type":"page","link":"https:\/\/victor-nistor.apps.math.cnrs.fr\/?page_id=96","title":{"rendered":"Quantum Mechanics"},"content":{"rendered":"<ol>\n<li><a style=\"color: #ea9629; text-decoration-line: underline; outline: 0px;\" href=\"https:\/\/plmbox.math.cnrs.fr\/f\/20f4750dd7874c6f816a\/\">A regularity result for the bound states of N-body Schr\u00f6dinger operators: blow-ups and Lie manifolds, <\/a>Bernd Ammann, J\u00e9r\u00e9my Mougel, and Victor Nistor, <em>Lett. Math. Phys.<\/em> 113, No. 1, Paper No. 26, 53 p. (2023; Zbl 1512.35183)<\/li>\n<li><a href=\"https:\/\/plmbox.math.cnrs.fr\/f\/583529c37fc4488b8795\/\">Analysis of periodic Schr\u00f6dinger operators: regularity and <em>approximation of eigenfunctions<\/em><\/a>, Eugenie Hunsicker, Victor Nistor and Jorge Sofo, <em>J. Math. Phys.<\/em>, vol 49(8), pages 083501, 21 (2008).<\/li>\n<\/ol>\n<p>(Under construction, last updated June 15, 2025.)<\/p>\n","protected":false},"excerpt":{"rendered":"<p>A regularity result for the bound states of N-body Schr\u00f6dinger operators: blow-ups and Lie manifolds, Bernd Ammann, J\u00e9r\u00e9my Mougel, and Victor Nistor, Lett. Math. Phys. 113, No. 1, Paper No. 26, 53 p. (2023; Zbl 1512.35183) Analysis of periodic Schr\u00f6dinger operators: regularity and approximation of eigenfunctions, Eugenie Hunsicker, Victor Nistor and Jorge Sofo, J. Math. &hellip; <a href=\"https:\/\/victor-nistor.apps.math.cnrs.fr\/?page_id=96\" class=\"more-link\">Continue reading <span class=\"screen-reader-text\">Quantum Mechanics<\/span> <span class=\"meta-nav\">&rarr;<\/span><\/a><\/p>\n","protected":false},"author":1,"featured_media":0,"parent":0,"menu_order":0,"comment_status":"closed","ping_status":"closed","template":"","meta":{"footnotes":""},"class_list":["post-96","page","type-page","status-publish","hentry"],"_links":{"self":[{"href":"https:\/\/victor-nistor.apps.math.cnrs.fr\/index.php?rest_route=\/wp\/v2\/pages\/96","targetHints":{"allow":["GET"]}}],"collection":[{"href":"https:\/\/victor-nistor.apps.math.cnrs.fr\/index.php?rest_route=\/wp\/v2\/pages"}],"about":[{"href":"https:\/\/victor-nistor.apps.math.cnrs.fr\/index.php?rest_route=\/wp\/v2\/types\/page"}],"author":[{"embeddable":true,"href":"https:\/\/victor-nistor.apps.math.cnrs.fr\/index.php?rest_route=\/wp\/v2\/users\/1"}],"replies":[{"embeddable":true,"href":"https:\/\/victor-nistor.apps.math.cnrs.fr\/index.php?rest_route=%2Fwp%2Fv2%2Fcomments&post=96"}],"version-history":[{"count":10,"href":"https:\/\/victor-nistor.apps.math.cnrs.fr\/index.php?rest_route=\/wp\/v2\/pages\/96\/revisions"}],"predecessor-version":[{"id":151,"href":"https:\/\/victor-nistor.apps.math.cnrs.fr\/index.php?rest_route=\/wp\/v2\/pages\/96\/revisions\/151"}],"wp:attachment":[{"href":"https:\/\/victor-nistor.apps.math.cnrs.fr\/index.php?rest_route=%2Fwp%2Fv2%2Fmedia&parent=96"}],"curies":[{"name":"wp","href":"https:\/\/api.w.org\/{rel}","templated":true}]}}