{"id":140,"date":"2025-06-15T14:42:46","date_gmt":"2025-06-15T14:42:46","guid":{"rendered":"https:\/\/victor-nistor.apps.math.cnrs.fr\/?page_id=140"},"modified":"2025-06-15T14:50:27","modified_gmt":"2025-06-15T14:50:27","slug":"non-commutative-geometry-and-other-topics","status":"publish","type":"page","link":"https:\/\/victor-nistor.apps.math.cnrs.fr\/?page_id=140","title":{"rendered":"Non-commutative geometry and other topics"},"content":{"rendered":"<p>I collect here more theoretical publications, usually the ones that do not fit into the other categories (Partial Differential Equations, Numerical Methods, Quantum Mechanics, of Financial Mathematics).<\/p>\n<p>Nevertheless, I begin with some papers that have to do with pseudodifferential operators invariant with respect to a group action and the study of the Fredholmness\u00a0 of their restrictions to isotypical components.<\/p>\n<ol>\n<li><a href=\"https:\/\/plmbox.math.cnrs.fr\/f\/ee4d9fad0c544c6fa67b\/\">Fredholm conditions and index for restrictions of invariant pseudodifferential operators to isotypical components<\/a>, Alexandre Baldare, R\u00e9mi C\u00f4me, Matthias Lesch, and Victor Nistor, <em>M\u00fcnster J. Math.<\/em>, vol. 14(2), pages 403&#8211;443 (2021).<\/li>\n<li><a href=\"https:\/\/plmbox.math.cnrs.fr\/f\/2c50020dc80440b286bf\/\">Fredholm conditions for operators invariant with respect to compact Lie group actions<\/a>, Alexandre Baldare, R\u00e9mi C\u00f4me, and Victor Nistor, <em>C. R., Math., Acad. Sci. Paris<\/em>, vol. 359(9), pages 1135&#8211;1143 (2021).<\/li>\n<\/ol>\n<p>(Under construction, last updated June 15, 2025.)<\/p>\n","protected":false},"excerpt":{"rendered":"<p>I collect here more theoretical publications, usually the ones that do not fit into the other categories (Partial Differential Equations, Numerical Methods, Quantum Mechanics, of Financial Mathematics). Nevertheless, I begin with some papers that have to do with pseudodifferential operators invariant with respect to a group action and the study of the Fredholmness\u00a0 of their &hellip; <a href=\"https:\/\/victor-nistor.apps.math.cnrs.fr\/?page_id=140\" class=\"more-link\">Continue reading <span class=\"screen-reader-text\">Non-commutative geometry and other topics<\/span> <span class=\"meta-nav\">&rarr;<\/span><\/a><\/p>\n","protected":false},"author":1,"featured_media":0,"parent":0,"menu_order":0,"comment_status":"closed","ping_status":"closed","template":"","meta":{"footnotes":""},"class_list":["post-140","page","type-page","status-publish","hentry"],"_links":{"self":[{"href":"https:\/\/victor-nistor.apps.math.cnrs.fr\/index.php?rest_route=\/wp\/v2\/pages\/140","targetHints":{"allow":["GET"]}}],"collection":[{"href":"https:\/\/victor-nistor.apps.math.cnrs.fr\/index.php?rest_route=\/wp\/v2\/pages"}],"about":[{"href":"https:\/\/victor-nistor.apps.math.cnrs.fr\/index.php?rest_route=\/wp\/v2\/types\/page"}],"author":[{"embeddable":true,"href":"https:\/\/victor-nistor.apps.math.cnrs.fr\/index.php?rest_route=\/wp\/v2\/users\/1"}],"replies":[{"embeddable":true,"href":"https:\/\/victor-nistor.apps.math.cnrs.fr\/index.php?rest_route=%2Fwp%2Fv2%2Fcomments&post=140"}],"version-history":[{"count":6,"href":"https:\/\/victor-nistor.apps.math.cnrs.fr\/index.php?rest_route=\/wp\/v2\/pages\/140\/revisions"}],"predecessor-version":[{"id":147,"href":"https:\/\/victor-nistor.apps.math.cnrs.fr\/index.php?rest_route=\/wp\/v2\/pages\/140\/revisions\/147"}],"wp:attachment":[{"href":"https:\/\/victor-nistor.apps.math.cnrs.fr\/index.php?rest_route=%2Fwp%2Fv2%2Fmedia&parent=140"}],"curies":[{"name":"wp","href":"https:\/\/api.w.org\/{rel}","templated":true}]}}